{"id":998,"date":"2025-01-28T12:46:20","date_gmt":"2025-01-28T09:46:20","guid":{"rendered":"https:\/\/ruhsagligienstitusu.com\/pozitif-psikoterapi-egitimi\/?lang=en"},"modified":"2026-03-31T17:49:13","modified_gmt":"2026-03-31T14:49:13","slug":"pozitif-psikoterapi-egitimi","status":"publish","type":"page","link":"https:\/\/ruhsagligienstitusu.com\/en\/pozitif-psikoterapi-egitimi\/","title":{"rendered":"Training in Positive Pschotherapy (PPT after Pesechkian, since 1977)"},"content":{"rendered":"\r\n<figure class=\"wp-block-image size-large\"><img loading=\"lazy\" decoding=\"async\" width=\"1024\" height=\"733\" class=\"wp-image-704\" src=\"https:\/\/ruhsagligienstitusu.com\/wp-content\/uploads\/2025\/01\/pozitifpsikoterapi-1024x733.jpg\" alt=\"\" srcset=\"https:\/\/ruhsagligienstitusu.com\/wp-content\/uploads\/2025\/01\/pozitifpsikoterapi-1024x733.jpg 1024w, https:\/\/ruhsagligienstitusu.com\/wp-content\/uploads\/2025\/01\/pozitifpsikoterapi-300x215.jpg 300w, https:\/\/ruhsagligienstitusu.com\/wp-content\/uploads\/2025\/01\/pozitifpsikoterapi-768x550.jpg 768w, https:\/\/ruhsagligienstitusu.com\/wp-content\/uploads\/2025\/01\/pozitifpsikoterapi-1536x1100.jpg 1536w, https:\/\/ruhsagligienstitusu.com\/wp-content\/uploads\/2025\/01\/pozitifpsikoterapi-2048x1467.jpg 2048w\" sizes=\"auto, (max-width: 1024px) 100vw, 1024px\" \/><\/figure>\r\n\r\n\r\n<div style=\"color:var(--headColor);\" class=\"wp-block-safirtema-mainheading has-text-color\">\n\t<div class=\"singleHeading\">\n\t\t<div class=\"inner\">\n\t\t\t<span class=\"safiricon icon\"><svg class=\"safiricon-video\"><use href=\"#safiricon-video\"><\/use><\/svg><\/span>\t\t\t<div class=\"text\"><strong>What is Positive Psychotherapy??<\/strong><\/div>\n\t\t<\/div>\n\t<\/div>\n<\/div>\r\n\r\n\r\n<p>&nbsp;<\/p>\r\n\r\n\r\n\r\n<p>Positive Psychotherapy is a short-term dynamic psychotherapy approach and has a humanistic perspective. It was founded in Germany in the late 1960s by Prof. Dr. Nossrat Peseschkian. The World Association for Positive and Transcultural Psychotherapy (WAPP) is a member organization of the European Association of Psychotherapists (EAP) and provides training and certification according to EAP regulations.<\/p>\r\n\r\n\r\n\r\n<p>Positive Psychotherapy is a psychotherapy method whose effectiveness has been proven by scientific research. In order to obtain the title of Positive Psychotherapist, a two-stage training is required, namely Basic Training and Specialization Training. This training includes theoretical courses, as well as patient monitoring under supervision and the therapist candidate&#8217;s own therapy process. Basic training lasts 200 hours and advanced training lasts 1200 hours. At the end of the basic training, the title of \u2018Basic Consultant of Positive Psychotherapy\u2019 is obtained. Advanced training must be completed for the title of \u2018Positive Psychotherapist\u2019. The training is provided by World Association of Positive and Transcultural Psychotherapy (WAPP) trainers. Cyprus Positive Psychotherapy Center is affiliated with the Cyprus Mental Health Institute, approved by the TRNC Ministry of National Education.<\/p>\r\n\r\n\r\n\r\n<p>There are only two official WAPP training courses and the Cyprus Institute of Mental Health is the accredited provider of these trainings.<\/p>\r\n\r\n\r\n\r\n<p>Basic Training and Training that provides the \u201c<strong>Positive Psychotherapy Basic Consultant<\/strong>\u201d certificate<\/p>\r\n\r\n\r\n\r\n<p>Specialist Training leading to the \u201c<strong>Certified Positive Psychotherapist<\/strong>\u201d diploma\/certification.<\/p>\r\n\r\n\r\n\r\n<p>As of July 1, 2022, these two trainings have been combined to provide the &#8220;European Certified Positive Psychotherapist&#8221; certificate in accordance with the criteria of the European Association for Psychotherapy (EAP).<\/p>\r\n\r\n\r\n\r\n<p>Legal permission to practice counseling and\/or psychotherapy depends on the laws of the country of residence!<\/p>\r\n\r\n\r\n<div style=\"color:var(--headColor);\" class=\"wp-block-safirtema-mainheading has-text-color\">\n\t<div class=\"singleHeading\">\n\t\t<div class=\"inner\">\n\t\t\t<span class=\"safiricon icon\"><svg class=\"safiricon-video\"><use href=\"#safiricon-video\"><\/use><\/svg><\/span>\t\t\t<div class=\"text\"><strong><strong>WAPP Positive Psychotherapy Training<\/strong><\/strong><\/div>\n\t\t<\/div>\n\t<\/div>\n<\/div>\r\n<p>&nbsp;<\/p>\r\n\r\n<p>&nbsp;<\/p>\r\n\r\n\r\n\r\n<figure class=\"wp-block-table\">\r\n<table class=\"has-fixed-layout\">\r\n<tbody>\r\n<tr>\r\n<td>\u00a0<\/td>\r\n<td>\u00a0<\/td>\r\n<td>Training Hours<\/td>\r\n<td>\u00a0<\/td>\r\n<td>\u00a0<\/td>\r\n<\/tr>\r\n<tr>\r\n<td>3<\/td>\r\n<td>European Certified Positive Psychotherapist<\/td>\r\n<td>650<\/td>\r\n<td rowspan=\"2\">Specialist Training Part 1+2<\/td>\r\n<td rowspan=\"3\">1400 hours<\/td>\r\n<\/tr>\r\n<tr>\r\n<td>2<\/td>\r\n<td>Candidate Certified Positive Psychotherapist<\/td>\r\n<td>550<\/td>\r\n<\/tr>\r\n<tr>\r\n<td>1<\/td>\r\n<td>Positive Psychotherapy Core Consultant<\/td>\r\n<td>200<\/td>\r\n<td>Basic training<\/td>\r\n<\/tr>\r\n<\/tbody>\r\n<\/table>\r\n<\/figure>\r\n\r\n\r\n\r\n<p>&nbsp;<\/p>\r\n\r\n\r\n<div style=\"color:var(--headColor);\" class=\"wp-block-safirtema-mainheading has-text-color\">\n\t<div class=\"singleHeading\">\n\t\t<div class=\"inner\">\n\t\t\t<span class=\"safiricon icon\"><svg class=\"safiricon-video\"><use href=\"#safiricon-video\"><\/use><\/svg><\/span>\t\t\t<div class=\"text\"><strong><strong><strong>Pozitif Psikoterapi E\u011fitim Program\u0131<\/strong><\/strong><\/strong><\/div>\n\t\t<\/div>\n\t<\/div>\n<\/div>\r\n\r\n\r\n<p>&nbsp;<\/p>\r\n\r\n\r\n\r\n<p>In the Positive Psychotherapy basic training program, the basic concepts and techniques of Positive Psychotherapy are given to the student. While theoretical information is given in the courses, the practical use of this information is mainly provided through role plays and group work. An effective psychotherapy training has 3 important parts: theoretical training, the therapist candidate getting to know himself, the therapist candidate following his first cases under the supervision of an experienced therapist during the training. In this training program, in addition to the presentation of theoretical knowledge, the person uses the information to get to know himself through exercises done during the training, and the discussion of information and techniques on the cases brought by the participants and the cases presented by the faculty members is provided. In this way, theoretical knowledge ceases to be an abstract set of concepts and gains a practical value that the participant can use to get to know himself and apply on cases.<\/p>\r\n\r\n\r\n\r\n<p>To briefly emphasize, this training program aims to show the basic concepts and techniques of positive psychotherapy to the participants and to provide them with the opportunity to apply this knowledge through exercises during the training. In addition, during this training process, it is aimed for the trainees to gain awareness of their own personality structures and to acquire techniques and an effective approach that they can easily apply when working with their patients.<\/p>\r\n\r\n\r\n<div style=\"color:var(--headColor);\" class=\"wp-block-safirtema-mainheading has-text-color\">\n\t<div class=\"singleHeading\">\n\t\t<div class=\"inner\">\n\t\t\t<span class=\"safiricon icon\"><svg class=\"safiricon-video\"><use href=\"#safiricon-video\"><\/use><\/svg><\/span>\t\t\t<div class=\"text\"><strong><strong><strong><strong>E\u011fitmenler<\/strong><\/strong><\/strong><\/strong><\/div>\n\t\t<\/div>\n\t<\/div>\n<\/div>\r\n\r\n\r\n<p>&nbsp;<\/p>\r\n\r\n\r\n\r\n<p>The training is given by trainers from the World Association of Positive and Transcultural Psychotherapy.<\/p>\r\n\r\n\r\n\r\n<p>Prof. Dr. Ebru Tansel \u00c7ak\u0131c\u0131<\/p>\r\n\r\n\r\n\r\n<p>Assoc. Prof. Dr. Deniz Erg\u00fcn<\/p>\r\n\r\n\r\n<div style=\"color:var(--headColor);\" class=\"wp-block-safirtema-mainheading has-text-color\">\n\t<div class=\"singleHeading\">\n\t\t<div class=\"inner\">\n\t\t\t<span class=\"safiricon icon\"><svg class=\"safiricon-video\"><use href=\"#safiricon-video\"><\/use><\/svg><\/span>\t\t\t<div class=\"text\"><strong><strong><strong><strong><strong>Verilecek Belge\/Sertifika<\/strong><\/strong><\/strong><\/strong><\/strong><\/div>\n\t\t<\/div>\n\t<\/div>\n<\/div>\r\n\r\n\r\n<p>&nbsp;<\/p>\r\n\r\n\r\n\r\n<p>The basic training consists of five modules of three days each. At the end of the basic training, certificates of attendance will be given by the Cyprus Mental Health Institute. Participants who have completed their homework can apply to the World Association for Positive and Transcultural Psychotherapy (WAPP) in Germany at the end of the Basic Training and receive the \u2018Basic consultant of positive psychotherapy\u2019 certificate, which is subject to an additional fee of 75 euros. At the end of the Advanced Training, the \u201cPositive Psychotherapist\u201d Certificate is given by the World Association for Positive and Transcultural Psychotherapy (WAPP) in Germany.<\/p>\r\n\r\n\r\n<div style=\"color:var(--headColor);\" class=\"wp-block-safirtema-mainheading has-text-color\">\n\t<div class=\"singleHeading\">\n\t\t<div class=\"inner\">\n\t\t\t<span class=\"safiricon icon\"><svg class=\"safiricon-video\"><use href=\"#safiricon-video\"><\/use><\/svg><\/span>\t\t\t<div class=\"text\"><strong><strong><strong><strong><strong><strong>E\u011fitime Kimler Kat\u0131labilir?<\/strong><\/strong><\/strong><\/strong><\/strong><\/strong><\/div>\n\t\t<\/div>\n\t<\/div>\n<\/div>\r\n\r\n\r\n<p>&nbsp;<\/p>\r\n\r\n\r\n\r\n<p>Psychiatrist, Psychologist-Clinical Psychologist, Psychological Counseling and Guidance and undergraduate students of these professions starting from the 4th year can participate in the training.<\/p>\r\n\r\n\r\n<div style=\"color:var(--headColor);\" class=\"wp-block-safirtema-mainheading has-text-color\">\n\t<div class=\"singleHeading\">\n\t\t<div class=\"inner\">\n\t\t\t<span class=\"safiricon icon\"><svg class=\"safiricon-duyuru\"><use href=\"#safiricon-duyuru\"><\/use><\/svg><\/span>\t\t\t<div class=\"text\"><strong><strong><strong><strong><strong><strong><strong>\u00d6nemli Bilgi:<\/strong><\/strong><\/strong><\/strong><\/strong><\/strong><\/strong><\/div>\n\t\t<\/div>\n\t<\/div>\n<\/div>\r\n\r\n\r\n<p>&nbsp;<\/p>\r\n\r\n\r\n\r\n<p>In order to be eligible for the certificate given by the World Association for Positive and Transcultural Psychotherapy (WAPP), 5 modules must be completed and the assignments must be submitted.<\/p>\r\n\r\n\r\n\r\n<p>&nbsp;<\/p>\r\n","protected":false},"excerpt":{"rendered":"<p>&nbsp; Positive Psychotherapy is a short-term dynamic psychotherapy approach and has a humanistic perspective. It was founded in Germany in the late 1960s by Prof. Dr. Nossrat Peseschkian. The World Association for Positive and Transcultural Psychotherapy (WAPP) is a member organization of the European Association of Psychotherapists (EAP) and provides training and certification according to [&hellip;]<\/p>\n","protected":false},"author":2,"featured_media":0,"parent":0,"menu_order":0,"comment_status":"closed","ping_status":"closed","template":"","meta":{"footnotes":""},"class_list":["post-998","page","type-page","status-publish","hentry"],"_links":{"self":[{"href":"https:\/\/ruhsagligienstitusu.com\/en\/wp-json\/wp\/v2\/pages\/998","targetHints":{"allow":["GET"]}}],"collection":[{"href":"https:\/\/ruhsagligienstitusu.com\/en\/wp-json\/wp\/v2\/pages"}],"about":[{"href":"https:\/\/ruhsagligienstitusu.com\/en\/wp-json\/wp\/v2\/types\/page"}],"author":[{"embeddable":true,"href":"https:\/\/ruhsagligienstitusu.com\/en\/wp-json\/wp\/v2\/users\/2"}],"replies":[{"embeddable":true,"href":"https:\/\/ruhsagligienstitusu.com\/en\/wp-json\/wp\/v2\/comments?post=998"}],"version-history":[{"count":6,"href":"https:\/\/ruhsagligienstitusu.com\/en\/wp-json\/wp\/v2\/pages\/998\/revisions"}],"predecessor-version":[{"id":1177,"href":"https:\/\/ruhsagligienstitusu.com\/en\/wp-json\/wp\/v2\/pages\/998\/revisions\/1177"}],"wp:attachment":[{"href":"https:\/\/ruhsagligienstitusu.com\/en\/wp-json\/wp\/v2\/media?parent=998"}],"curies":[{"name":"wp","href":"https:\/\/api.w.org\/{rel}","templated":true}]}}