{"id":1022,"date":"2025-01-28T13:01:30","date_gmt":"2025-01-28T10:01:30","guid":{"rendered":"https:\/\/ruhsagligienstitusu.com\/yonetim-becerileri-egitimi\/"},"modified":"2025-05-09T12:05:40","modified_gmt":"2025-05-09T09:05:40","slug":"yonetim-becerileri-egitimi","status":"publish","type":"page","link":"https:\/\/ruhsagligienstitusu.com\/en\/yonetim-becerileri-egitimi\/","title":{"rendered":"Management Skills Training"},"content":{"rendered":"\n<figure class=\"wp-block-image size-full\"><img loading=\"lazy\" decoding=\"async\" width=\"825\" height=\"450\" src=\"https:\/\/ruhsagligienstitusu.com\/wp-content\/uploads\/2025\/01\/yonetimbecerileriegitimi.jpg\" alt=\"\" class=\"wp-image-698\" srcset=\"https:\/\/ruhsagligienstitusu.com\/wp-content\/uploads\/2025\/01\/yonetimbecerileriegitimi.jpg 825w, https:\/\/ruhsagligienstitusu.com\/wp-content\/uploads\/2025\/01\/yonetimbecerileriegitimi-300x164.jpg 300w, https:\/\/ruhsagligienstitusu.com\/wp-content\/uploads\/2025\/01\/yonetimbecerileriegitimi-768x419.jpg 768w\" sizes=\"auto, (max-width: 825px) 100vw, 825px\" \/><\/figure>\n<div style=\"color:var(--headColor);\" class=\"wp-block-safirtema-mainheading has-text-color\">\n\t<div class=\"singleHeading\">\n\t\t<div class=\"inner\">\n\t\t\t<span class=\"safiricon icon\"><svg class=\"safiricon-video\"><use href=\"#safiricon-video\"><\/use><\/svg><\/span>\t\t\t<div class=\"text\"><strong><em>E\u011fitimin Amac\u0131<\/em><\/strong><\/div>\n\t\t<\/div>\n\t<\/div>\n<\/div>\n<p><\/p>\n\n<p>The purpose of the Management Skills training is to provide participants with management knowledge and skills in light of modern management approaches. At the end of this training, you will learn the basic concepts of management and have information about the competencies a good manager should have.<\/p>\n<div style=\"color:var(--headColor);\" class=\"wp-block-safirtema-mainheading has-text-color\">\n\t<div class=\"singleHeading\">\n\t\t<div class=\"inner\">\n\t\t\t<span class=\"safiricon icon\"><svg class=\"safiricon-video\"><use href=\"#safiricon-video\"><\/use><\/svg><\/span>\t\t\t<div class=\"text\"><strong><em><strong><em>E\u011fitimin \u0130\u00e7eri\u011fi<\/em><\/strong><\/em><\/strong><\/div>\n\t\t<\/div>\n\t<\/div>\n<\/div>\n<p><\/p>\n\n<div class=\"\" data-col=\"2\"><ul class=\"wp-block-list\">\n<li>Who is a contemporary manager? Management-coaching concepts<\/li>\n\n\n\n<li>Managerial styles and their perception by employees<\/li>\n\n\n\n<li>Types of employees and motivation methods<\/li>\n\n\n\n<li>Ability to delegate effectively<\/li>\n\n\n\n<li>Effective performance evaluation model<\/li>\n\n\n\n<li>What you should and should not do during performance evaluation<\/li>\n\n\n\n<li>Team building and management<\/li>\n\n\n\n<li>Effective communication: Listening, asking questions, body language, empathy<\/li>\n\n\n\n<li>Emotional intelligence and management<\/li>\n\n\n\n<li>Techniques for giving effective feedback to employees<\/li>\n\n\n\n<li>Goal setting skills<\/li>\n\n\n\n<li>Practical advice for managers<\/li>\n<\/ul><\/div>\n<div style=\"color:var(--headColor);\" class=\"wp-block-safirtema-mainheading has-text-color\">\n\t<div class=\"singleHeading\">\n\t\t<div class=\"inner\">\n\t\t\t<span class=\"safiricon icon\"><svg class=\"safiricon-video\"><use href=\"#safiricon-video\"><\/use><\/svg><\/span>\t\t\t<div class=\"text\"><strong><em><strong><em><strong><em>Uygulamalar<\/em><\/strong><\/em><\/strong><\/em><\/strong><\/div>\n\t\t<\/div>\n\t<\/div>\n<\/div>\n<p><\/p>\n\n<div class=\"\" data-col=\"2\"><ul class=\"wp-block-list\">\n<li>Tests that will make participants aware of their own management skills<\/li>\n\n\n\n<li>Case studies &#8211; case studies<\/li>\n\n\n\n<li>Group work<\/li>\n\n\n\n<li>Creative drama practices<\/li>\n<\/ul><\/div>\n<div style=\"color:var(--headColor);\" class=\"wp-block-safirtema-mainheading has-text-color\">\n\t<div class=\"singleHeading\">\n\t\t<div class=\"inner\">\n\t\t\t<span class=\"safiricon icon\"><svg class=\"safiricon-video\"><use href=\"#safiricon-video\"><\/use><\/svg><\/span>\t\t\t<div class=\"text\"><strong><em><strong><em><strong><em><strong><em>E\u011fitmen<\/em><\/strong><\/em><\/strong><\/em><\/strong><\/em><\/strong><\/div>\n\t\t<\/div>\n\t<\/div>\n<\/div>\n<p><\/p>\n\n<p>Prof. Dr. Mehmet \u00c7ak\u0131c\u0131<\/p>\n<div style=\"color:var(--headColor);\" class=\"wp-block-safirtema-mainheading has-text-color\">\n\t<div class=\"singleHeading\">\n\t\t<div class=\"inner\">\n\t\t\t<span class=\"safiricon icon\"><svg class=\"safiricon-video\"><use href=\"#safiricon-video\"><\/use><\/svg><\/span>\t\t\t<div class=\"text\"><strong><em><strong><em><strong><em><strong><em><strong><em>E\u011fitime Kimler Kat\u0131labilir?<\/em><\/strong><\/em><\/strong><\/em><\/strong><\/em><\/strong><\/em><\/strong><\/div>\n\t\t<\/div>\n\t<\/div>\n<\/div>\n<p><\/p>\n\n<p>People who care about their personal development and want to take a more active role in social and cultural life by establishing successful relationships in their business and private lives can participate in this training.<\/p>\n","protected":false},"excerpt":{"rendered":"<p>The purpose of the Management Skills training is to provide participants with management knowledge and skills in light of modern management approaches. At the end of this training, you will learn the basic concepts of management and have information about the competencies a good manager should have. Prof. Dr. Mehmet \u00c7ak\u0131c\u0131 People who care about [&hellip;]<\/p>\n","protected":false},"author":2,"featured_media":0,"parent":0,"menu_order":0,"comment_status":"closed","ping_status":"closed","template":"","meta":{"footnotes":""},"class_list":["post-1022","page","type-page","status-publish","hentry"],"_links":{"self":[{"href":"https:\/\/ruhsagligienstitusu.com\/en\/wp-json\/wp\/v2\/pages\/1022","targetHints":{"allow":["GET"]}}],"collection":[{"href":"https:\/\/ruhsagligienstitusu.com\/en\/wp-json\/wp\/v2\/pages"}],"about":[{"href":"https:\/\/ruhsagligienstitusu.com\/en\/wp-json\/wp\/v2\/types\/page"}],"author":[{"embeddable":true,"href":"https:\/\/ruhsagligienstitusu.com\/en\/wp-json\/wp\/v2\/users\/2"}],"replies":[{"embeddable":true,"href":"https:\/\/ruhsagligienstitusu.com\/en\/wp-json\/wp\/v2\/comments?post=1022"}],"version-history":[{"count":2,"href":"https:\/\/ruhsagligienstitusu.com\/en\/wp-json\/wp\/v2\/pages\/1022\/revisions"}],"predecessor-version":[{"id":1024,"href":"https:\/\/ruhsagligienstitusu.com\/en\/wp-json\/wp\/v2\/pages\/1022\/revisions\/1024"}],"wp:attachment":[{"href":"https:\/\/ruhsagligienstitusu.com\/en\/wp-json\/wp\/v2\/media?parent=1022"}],"curies":[{"name":"wp","href":"https:\/\/api.w.org\/{rel}","templated":true}]}}